{"id":8929,"date":"2025-02-18T14:46:28","date_gmt":"2025-02-18T14:46:28","guid":{"rendered":"https:\/\/wizardracing.fr\/?post_type=product&#038;p=8929"},"modified":"2025-02-18T16:46:09","modified_gmt":"2025-02-18T16:46:09","slug":"occasion-echangeur-punto-abarth","status":"publish","type":"product","link":"https:\/\/wizardracing.fr\/?product=occasion-echangeur-punto-abarth","title":{"rendered":"OCCASION &#8211; \u00c9changeur Punto Abarth"},"content":{"rendered":"<h2 data-start=\"110\" data-end=\"199\"><strong data-start=\"113\" data-end=\"197\">Wizard Racing \u2013 Occasion pour Punto Abarth<\/strong><\/h2>\n<p data-start=\"201\" data-end=\"535\">Vous recherchez des pi\u00e8ces d\u2019occasion pour votre Punto Abarth ? Wizard Racing vous propose une s\u00e9lection rigoureusement contr\u00f4l\u00e9e pour garantir performance et fiabilit\u00e9. Chaque pi\u00e8ce est soigneusement inspect\u00e9e avant mise en vente afin de vous offrir une alternative \u00e9conomique et efficace pour entretenir ou optimiser votre v\u00e9hicule.<\/p>\n<p data-start=\"1339\" data-end=\"1696\">Am\u00e9liorez le refroidissement de votre moteur avec un \u00e9changeur d\u2019origine de Punto Abarth, compatible pour certaines optimisations sur Abarth 500. Cet intercooler permet de r\u00e9duire la temp\u00e9rature de l\u2019air admis, favorisant ainsi une meilleure combustion et un gain de performance. Toutes nos pi\u00e8ces d\u2019occasion sont v\u00e9rifi\u00e9es afin de garantir leur bon \u00e9tat.<\/p>\n","protected":false},"excerpt":{"rendered":"<h2 data-start=\"110\" data-end=\"199\"><strong data-start=\"113\" data-end=\"197\">Wizard Racing \u2013 Occasion pour Punto Abarth<\/strong><\/h2>\n<p data-start=\"201\" data-end=\"535\">Vous recherchez des pi\u00e8ces d\u2019occasion pour votre Punto Abarth ? Wizard Racing vous propose une s\u00e9lection rigoureusement contr\u00f4l\u00e9e pour garantir performance et fiabilit\u00e9. Chaque pi\u00e8ce est soigneusement inspect\u00e9e avant mise en vente afin de vous offrir une alternative \u00e9conomique et efficace pour entretenir ou optimiser votre v\u00e9hicule.<\/p>\n<p data-start=\"1339\" data-end=\"1696\">Am\u00e9liorez le refroidissement de votre moteur avec un \u00e9changeur d\u2019origine de Punto Abarth, compatible pour certaines optimisations sur Abarth 500. Cet intercooler permet de r\u00e9duire la temp\u00e9rature de l\u2019air admis, favorisant ainsi une meilleure combustion et un gain de performance. Toutes nos pi\u00e8ces d\u2019occasion sont v\u00e9rifi\u00e9es afin de garantir leur bon \u00e9tat.<\/p>\n","protected":false},"featured_media":8938,"template":"","meta":[],"etheme_brands":[],"product_brand":[],"product_cat":[98,156,157],"product_tag":[],"class_list":{"0":"post-8929","1":"product","2":"type-product","3":"status-publish","4":"has-post-thumbnail","6":"product_cat-moteur","7":"product_cat-occasions","8":"product_cat-refroidissement","10":"first","11":"instock","12":"taxable","13":"shipping-taxable","14":"purchasable","15":"product-type-simple"},"yoast_head":"<!-- This site is optimized with the Yoast SEO plugin v26.3 - https:\/\/yoast.com\/wordpress\/plugins\/seo\/ -->\n<title>OCCASION - \u00c9changeur Punto Abarth - Wizard Racing<\/title>\n<meta name=\"robots\" content=\"index, follow, max-snippet:-1, max-image-preview:large, max-video-preview:-1\" \/>\n<link rel=\"canonical\" href=\"https:\/\/wizardracing.fr\/?product=occasion-echangeur-punto-abarth\" \/>\n<meta property=\"og:locale\" content=\"fr_FR\" \/>\n<meta property=\"og:type\" content=\"article\" \/>\n<meta property=\"og:title\" content=\"OCCASION - \u00c9changeur Punto Abarth - Wizard Racing\" \/>\n<meta property=\"og:description\" content=\"Wizard Racing \u2013 Occasion pour Punto Abarth Vous recherchez des pi\u00e8ces d\u2019occasion pour votre Punto Abarth ? Wizard Racing vous propose une s\u00e9lection rigoureusement contr\u00f4l\u00e9e pour garantir performance et fiabilit\u00e9. Chaque pi\u00e8ce est soigneusement inspect\u00e9e avant mise en vente afin de vous offrir une alternative \u00e9conomique et efficace pour entretenir ou optimiser votre v\u00e9hicule. Am\u00e9liorez le refroidissement de votre moteur avec un \u00e9changeur d\u2019origine de Punto Abarth, compatible pour certaines optimisations sur Abarth 500. Cet intercooler permet de r\u00e9duire la temp\u00e9rature de l\u2019air admis, favorisant ainsi une meilleure combustion et un gain de performance. Toutes nos pi\u00e8ces d\u2019occasion sont v\u00e9rifi\u00e9es afin de garantir leur bon \u00e9tat.\" \/>\n<meta property=\"og:url\" content=\"https:\/\/wizardracing.fr\/?product=occasion-echangeur-punto-abarth\" \/>\n<meta property=\"og:site_name\" content=\"Wizard Racing\" \/>\n<meta property=\"article:publisher\" content=\"https:\/\/www.facebook.com\/profile.php?id=100076336116664\" \/>\n<meta property=\"article:modified_time\" content=\"2025-02-18T16:46:09+00:00\" \/>\n<meta property=\"og:image\" content=\"https:\/\/wizardracing.fr\/wp-content\/uploads\/2025\/02\/echangeur-punto.jpg\" \/>\n\t<meta property=\"og:image:width\" content=\"773\" \/>\n\t<meta property=\"og:image:height\" content=\"1920\" \/>\n\t<meta property=\"og:image:type\" content=\"image\/jpeg\" \/>\n<meta name=\"twitter:card\" content=\"summary_large_image\" \/>\n<meta name=\"twitter:label1\" content=\"Dur\u00e9e de lecture estim\u00e9e\" \/>\n\t<meta name=\"twitter:data1\" content=\"1 minute\" \/>\n<script type=\"application\/ld+json\" class=\"yoast-schema-graph\">{\"@context\":\"https:\/\/schema.org\",\"@graph\":[{\"@type\":\"WebPage\",\"@id\":\"https:\/\/wizardracing.fr\/?product=occasion-echangeur-punto-abarth\",\"url\":\"https:\/\/wizardracing.fr\/?product=occasion-echangeur-punto-abarth\",\"name\":\"OCCASION - \u00c9changeur Punto Abarth - Wizard Racing\",\"isPartOf\":{\"@id\":\"https:\/\/wizardracing.fr\/#website\"},\"primaryImageOfPage\":{\"@id\":\"https:\/\/wizardracing.fr\/?product=occasion-echangeur-punto-abarth#primaryimage\"},\"image\":{\"@id\":\"https:\/\/wizardracing.fr\/?product=occasion-echangeur-punto-abarth#primaryimage\"},\"thumbnailUrl\":\"https:\/\/wizardracing.fr\/wp-content\/uploads\/2025\/02\/echangeur-punto.jpg\",\"datePublished\":\"2025-02-18T14:46:28+00:00\",\"dateModified\":\"2025-02-18T16:46:09+00:00\",\"breadcrumb\":{\"@id\":\"https:\/\/wizardracing.fr\/?product=occasion-echangeur-punto-abarth#breadcrumb\"},\"inLanguage\":\"fr-FR\",\"potentialAction\":[{\"@type\":\"ReadAction\",\"target\":[\"https:\/\/wizardracing.fr\/?product=occasion-echangeur-punto-abarth\"]}]},{\"@type\":\"ImageObject\",\"inLanguage\":\"fr-FR\",\"@id\":\"https:\/\/wizardracing.fr\/?product=occasion-echangeur-punto-abarth#primaryimage\",\"url\":\"https:\/\/wizardracing.fr\/wp-content\/uploads\/2025\/02\/echangeur-punto.jpg\",\"contentUrl\":\"https:\/\/wizardracing.fr\/wp-content\/uploads\/2025\/02\/echangeur-punto.jpg\",\"width\":773,\"height\":1920},{\"@type\":\"BreadcrumbList\",\"@id\":\"https:\/\/wizardracing.fr\/?product=occasion-echangeur-punto-abarth#breadcrumb\",\"itemListElement\":[{\"@type\":\"ListItem\",\"position\":1,\"name\":\"Home\",\"item\":\"https:\/\/wizardracing.fr\/\"},{\"@type\":\"ListItem\",\"position\":2,\"name\":\"Shop\",\"item\":\"https:\/\/wizardracing.fr\/?page_id=829\"},{\"@type\":\"ListItem\",\"position\":3,\"name\":\"OCCASION &#8211; \u00c9changeur Punto Abarth\"}]},{\"@type\":\"WebSite\",\"@id\":\"https:\/\/wizardracing.fr\/#website\",\"url\":\"https:\/\/wizardracing.fr\/\",\"name\":\"Wizard Racing\",\"description\":\"Votre r\u00e9f\u00e9rence pr\u00e9paration et pi\u00e8ces racing\",\"publisher\":{\"@id\":\"https:\/\/wizardracing.fr\/#organization\"},\"potentialAction\":[{\"@type\":\"SearchAction\",\"target\":{\"@type\":\"EntryPoint\",\"urlTemplate\":\"https:\/\/wizardracing.fr\/?s={search_term_string}\"},\"query-input\":{\"@type\":\"PropertyValueSpecification\",\"valueRequired\":true,\"valueName\":\"search_term_string\"}}],\"inLanguage\":\"fr-FR\"},{\"@type\":\"Organization\",\"@id\":\"https:\/\/wizardracing.fr\/#organization\",\"name\":\"Wizard Racing\",\"url\":\"https:\/\/wizardracing.fr\/\",\"logo\":{\"@type\":\"ImageObject\",\"inLanguage\":\"fr-FR\",\"@id\":\"https:\/\/wizardracing.fr\/#\/schema\/logo\/image\/\",\"url\":\"https:\/\/wizardracing.fr\/wp-content\/uploads\/2023\/11\/Logo-wizard.png\",\"contentUrl\":\"https:\/\/wizardracing.fr\/wp-content\/uploads\/2023\/11\/Logo-wizard.png\",\"width\":665,\"height\":665,\"caption\":\"Wizard Racing\"},\"image\":{\"@id\":\"https:\/\/wizardracing.fr\/#\/schema\/logo\/image\/\"},\"sameAs\":[\"https:\/\/www.facebook.com\/profile.php?id=100076336116664\",\"https:\/\/www.instagram.com\/wizardracing34\/\"]}]}<\/script>\n<!-- \/ Yoast SEO plugin. -->","yoast_head_json":{"title":"OCCASION - \u00c9changeur Punto Abarth - Wizard Racing","robots":{"index":"index","follow":"follow","max-snippet":"max-snippet:-1","max-image-preview":"max-image-preview:large","max-video-preview":"max-video-preview:-1"},"canonical":"https:\/\/wizardracing.fr\/?product=occasion-echangeur-punto-abarth","og_locale":"fr_FR","og_type":"article","og_title":"OCCASION - \u00c9changeur Punto Abarth - Wizard Racing","og_description":"Wizard Racing \u2013 Occasion pour Punto Abarth Vous recherchez des pi\u00e8ces d\u2019occasion pour votre Punto Abarth ? Wizard Racing vous propose une s\u00e9lection rigoureusement contr\u00f4l\u00e9e pour garantir performance et fiabilit\u00e9. Chaque pi\u00e8ce est soigneusement inspect\u00e9e avant mise en vente afin de vous offrir une alternative \u00e9conomique et efficace pour entretenir ou optimiser votre v\u00e9hicule. Am\u00e9liorez le refroidissement de votre moteur avec un \u00e9changeur d\u2019origine de Punto Abarth, compatible pour certaines optimisations sur Abarth 500. Cet intercooler permet de r\u00e9duire la temp\u00e9rature de l\u2019air admis, favorisant ainsi une meilleure combustion et un gain de performance. Toutes nos pi\u00e8ces d\u2019occasion sont v\u00e9rifi\u00e9es afin de garantir leur bon \u00e9tat.","og_url":"https:\/\/wizardracing.fr\/?product=occasion-echangeur-punto-abarth","og_site_name":"Wizard Racing","article_publisher":"https:\/\/www.facebook.com\/profile.php?id=100076336116664","article_modified_time":"2025-02-18T16:46:09+00:00","og_image":[{"width":773,"height":1920,"url":"https:\/\/wizardracing.fr\/wp-content\/uploads\/2025\/02\/echangeur-punto.jpg","type":"image\/jpeg"}],"twitter_card":"summary_large_image","twitter_misc":{"Dur\u00e9e de lecture estim\u00e9e":"1 minute"},"schema":{"@context":"https:\/\/schema.org","@graph":[{"@type":"WebPage","@id":"https:\/\/wizardracing.fr\/?product=occasion-echangeur-punto-abarth","url":"https:\/\/wizardracing.fr\/?product=occasion-echangeur-punto-abarth","name":"OCCASION - \u00c9changeur Punto Abarth - Wizard Racing","isPartOf":{"@id":"https:\/\/wizardracing.fr\/#website"},"primaryImageOfPage":{"@id":"https:\/\/wizardracing.fr\/?product=occasion-echangeur-punto-abarth#primaryimage"},"image":{"@id":"https:\/\/wizardracing.fr\/?product=occasion-echangeur-punto-abarth#primaryimage"},"thumbnailUrl":"https:\/\/wizardracing.fr\/wp-content\/uploads\/2025\/02\/echangeur-punto.jpg","datePublished":"2025-02-18T14:46:28+00:00","dateModified":"2025-02-18T16:46:09+00:00","breadcrumb":{"@id":"https:\/\/wizardracing.fr\/?product=occasion-echangeur-punto-abarth#breadcrumb"},"inLanguage":"fr-FR","potentialAction":[{"@type":"ReadAction","target":["https:\/\/wizardracing.fr\/?product=occasion-echangeur-punto-abarth"]}]},{"@type":"ImageObject","inLanguage":"fr-FR","@id":"https:\/\/wizardracing.fr\/?product=occasion-echangeur-punto-abarth#primaryimage","url":"https:\/\/wizardracing.fr\/wp-content\/uploads\/2025\/02\/echangeur-punto.jpg","contentUrl":"https:\/\/wizardracing.fr\/wp-content\/uploads\/2025\/02\/echangeur-punto.jpg","width":773,"height":1920},{"@type":"BreadcrumbList","@id":"https:\/\/wizardracing.fr\/?product=occasion-echangeur-punto-abarth#breadcrumb","itemListElement":[{"@type":"ListItem","position":1,"name":"Home","item":"https:\/\/wizardracing.fr\/"},{"@type":"ListItem","position":2,"name":"Shop","item":"https:\/\/wizardracing.fr\/?page_id=829"},{"@type":"ListItem","position":3,"name":"OCCASION &#8211; \u00c9changeur Punto Abarth"}]},{"@type":"WebSite","@id":"https:\/\/wizardracing.fr\/#website","url":"https:\/\/wizardracing.fr\/","name":"Wizard Racing","description":"Votre r\u00e9f\u00e9rence pr\u00e9paration et pi\u00e8ces racing","publisher":{"@id":"https:\/\/wizardracing.fr\/#organization"},"potentialAction":[{"@type":"SearchAction","target":{"@type":"EntryPoint","urlTemplate":"https:\/\/wizardracing.fr\/?s={search_term_string}"},"query-input":{"@type":"PropertyValueSpecification","valueRequired":true,"valueName":"search_term_string"}}],"inLanguage":"fr-FR"},{"@type":"Organization","@id":"https:\/\/wizardracing.fr\/#organization","name":"Wizard Racing","url":"https:\/\/wizardracing.fr\/","logo":{"@type":"ImageObject","inLanguage":"fr-FR","@id":"https:\/\/wizardracing.fr\/#\/schema\/logo\/image\/","url":"https:\/\/wizardracing.fr\/wp-content\/uploads\/2023\/11\/Logo-wizard.png","contentUrl":"https:\/\/wizardracing.fr\/wp-content\/uploads\/2023\/11\/Logo-wizard.png","width":665,"height":665,"caption":"Wizard Racing"},"image":{"@id":"https:\/\/wizardracing.fr\/#\/schema\/logo\/image\/"},"sameAs":["https:\/\/www.facebook.com\/profile.php?id=100076336116664","https:\/\/www.instagram.com\/wizardracing34\/"]}]}},"_links":{"self":[{"href":"https:\/\/wizardracing.fr\/index.php?rest_route=\/wp\/v2\/product\/8929","targetHints":{"allow":["GET"]}}],"collection":[{"href":"https:\/\/wizardracing.fr\/index.php?rest_route=\/wp\/v2\/product"}],"about":[{"href":"https:\/\/wizardracing.fr\/index.php?rest_route=\/wp\/v2\/types\/product"}],"wp:featuredmedia":[{"embeddable":true,"href":"https:\/\/wizardracing.fr\/index.php?rest_route=\/wp\/v2\/media\/8938"}],"wp:attachment":[{"href":"https:\/\/wizardracing.fr\/index.php?rest_route=%2Fwp%2Fv2%2Fmedia&parent=8929"}],"wp:term":[{"taxonomy":"brand","embeddable":true,"href":"https:\/\/wizardracing.fr\/index.php?rest_route=%2Fwp%2Fv2%2Fetheme_brands&post=8929"},{"taxonomy":"product_brand","embeddable":true,"href":"https:\/\/wizardracing.fr\/index.php?rest_route=%2Fwp%2Fv2%2Fproduct_brand&post=8929"},{"taxonomy":"product_cat","embeddable":true,"href":"https:\/\/wizardracing.fr\/index.php?rest_route=%2Fwp%2Fv2%2Fproduct_cat&post=8929"},{"taxonomy":"product_tag","embeddable":true,"href":"https:\/\/wizardracing.fr\/index.php?rest_route=%2Fwp%2Fv2%2Fproduct_tag&post=8929"}],"curies":[{"name":"wp","href":"https:\/\/api.w.org\/{rel}","templated":true}]}}