{"id":834,"date":"2018-08-02T08:30:52","date_gmt":"2018-08-02T08:30:52","guid":{"rendered":"https:\/\/xstore.8theme.com\/?page_id=213"},"modified":"2024-09-13T06:26:28","modified_gmt":"2024-09-13T06:26:28","slug":"portfolio","status":"publish","type":"page","link":"https:\/\/wizardracing.fr\/?page_id=834","title":{"rendered":"Portfolio"},"content":{"rendered":"<div class=\"wpb-content-wrapper\"><p>[vc_row][vc_column][vc_column_text][\/vc_column_text][\/vc_column][\/vc_row][vc_row][vc_column][vc_masonry_media_grid element_width=\u00a0\u00bb3&Prime; gap=\u00a0\u00bb1&Prime; css=\u00a0\u00bb\u00a0\u00bb grid_id=\u00a0\u00bbvc_gid:1726208567103-fb2f4f85-0759-4&Prime; include=\u00a0\u00bb8747,7608,7610,8421,8599,8575,8527,8449,8567,8525,8684,8515,8524,8509,8508,8495,8460,8612,8746,8458,8457,8686,8462,8461,8688,8542,8687,8463,8432,8683,8430,8681,8685,8427,8434,8439,8801,7598,8613,7887&Prime;][\/vc_column][\/vc_row]<\/p>\n<\/div>","protected":false},"excerpt":{"rendered":"<p>[vc_row][vc_column][vc_column_text][\/vc_column_text][\/vc_column][\/vc_row][vc_row][vc_column][vc_masonry_media_grid element_width=\u00a0\u00bb3&Prime; gap=\u00a0\u00bb1&Prime; css=\u00a0\u00bb\u00a0\u00bb grid_id=\u00a0\u00bbvc_gid:1726208567103-fb2f4f85-0759-4&Prime; include=\u00a0\u00bb8747,7608,7610,8421,8599,8575,8527,8449,8567,8525,8684,8515,8524,8509,8508,8495,8460,8612,8746,8458,8457,8686,8462,8461,8688,8542,8687,8463,8432,8683,8430,8681,8685,8427,8434,8439,8801,7598,8613,7887&Prime;][\/vc_column][\/vc_row]<\/p>\n","protected":false},"author":2,"featured_media":0,"parent":0,"menu_order":0,"comment_status":"closed","ping_status":"closed","template":"","meta":{"footnotes":""},"class_list":["post-834","page","type-page","status-publish","hentry"],"yoast_head":"<!-- This site is optimized with the Yoast SEO plugin v26.3 - https:\/\/yoast.com\/wordpress\/plugins\/seo\/ -->\n<title>Portfolio &amp; projet - Wizard Racing<\/title>\n<meta name=\"description\" content=\"D\u00e9couvrez nos projets exceptionnels chez Wizard Racing \u00e0 Montpellier. Des r\u00e9alisations de pr\u00e9paration Fiat Abarth et de tuning automobile qui vous inspireront.\" \/>\n<meta name=\"robots\" content=\"index, follow, max-snippet:-1, max-image-preview:large, max-video-preview:-1\" \/>\n<link rel=\"canonical\" href=\"https:\/\/wizardracing.fr\/?page_id=834\" \/>\n<meta property=\"og:locale\" content=\"fr_FR\" \/>\n<meta property=\"og:type\" content=\"article\" \/>\n<meta property=\"og:title\" content=\"Portfolio &amp; projet - Wizard Racing\" \/>\n<meta property=\"og:description\" content=\"D\u00e9couvrez nos projets exceptionnels chez Wizard Racing \u00e0 Montpellier. Des r\u00e9alisations de pr\u00e9paration Fiat Abarth et de tuning automobile qui vous inspireront.\" \/>\n<meta property=\"og:url\" content=\"https:\/\/wizardracing.fr\/?page_id=834\" \/>\n<meta property=\"og:site_name\" content=\"Wizard Racing\" \/>\n<meta property=\"article:publisher\" content=\"https:\/\/www.facebook.com\/profile.php?id=100076336116664\" \/>\n<meta property=\"article:modified_time\" content=\"2024-09-13T06:26:28+00:00\" \/>\n<meta property=\"og:image\" content=\"https:\/\/wizardracing.fr\/wp-content\/uploads\/2023\/09\/cropped.png\" \/>\n\t<meta property=\"og:image:width\" content=\"1343\" \/>\n\t<meta property=\"og:image:height\" content=\"1540\" \/>\n\t<meta property=\"og:image:type\" content=\"image\/png\" \/>\n<meta name=\"twitter:card\" content=\"summary_large_image\" \/>\n<meta name=\"twitter:label1\" content=\"Dur\u00e9e de lecture estim\u00e9e\" \/>\n\t<meta name=\"twitter:data1\" content=\"1 minute\" \/>\n<script type=\"application\/ld+json\" class=\"yoast-schema-graph\">{\"@context\":\"https:\/\/schema.org\",\"@graph\":[{\"@type\":\"WebPage\",\"@id\":\"https:\/\/wizardracing.fr\/?page_id=834\",\"url\":\"https:\/\/wizardracing.fr\/?page_id=834\",\"name\":\"Portfolio & projet - Wizard Racing\",\"isPartOf\":{\"@id\":\"https:\/\/wizardracing.fr\/#website\"},\"datePublished\":\"2018-08-02T08:30:52+00:00\",\"dateModified\":\"2024-09-13T06:26:28+00:00\",\"description\":\"D\u00e9couvrez nos projets exceptionnels chez Wizard Racing \u00e0 Montpellier. Des r\u00e9alisations de pr\u00e9paration Fiat Abarth et de tuning automobile qui vous inspireront.\",\"breadcrumb\":{\"@id\":\"https:\/\/wizardracing.fr\/?page_id=834#breadcrumb\"},\"inLanguage\":\"fr-FR\",\"potentialAction\":[{\"@type\":\"ReadAction\",\"target\":[\"https:\/\/wizardracing.fr\/?page_id=834\"]}]},{\"@type\":\"BreadcrumbList\",\"@id\":\"https:\/\/wizardracing.fr\/?page_id=834#breadcrumb\",\"itemListElement\":[{\"@type\":\"ListItem\",\"position\":1,\"name\":\"Home\",\"item\":\"https:\/\/wizardracing.fr\/\"},{\"@type\":\"ListItem\",\"position\":2,\"name\":\"Portfolio\"}]},{\"@type\":\"WebSite\",\"@id\":\"https:\/\/wizardracing.fr\/#website\",\"url\":\"https:\/\/wizardracing.fr\/\",\"name\":\"Wizard Racing\",\"description\":\"Votre r\u00e9f\u00e9rence pr\u00e9paration et pi\u00e8ces racing\",\"publisher\":{\"@id\":\"https:\/\/wizardracing.fr\/#organization\"},\"potentialAction\":[{\"@type\":\"SearchAction\",\"target\":{\"@type\":\"EntryPoint\",\"urlTemplate\":\"https:\/\/wizardracing.fr\/?s={search_term_string}\"},\"query-input\":{\"@type\":\"PropertyValueSpecification\",\"valueRequired\":true,\"valueName\":\"search_term_string\"}}],\"inLanguage\":\"fr-FR\"},{\"@type\":\"Organization\",\"@id\":\"https:\/\/wizardracing.fr\/#organization\",\"name\":\"Wizard Racing\",\"url\":\"https:\/\/wizardracing.fr\/\",\"logo\":{\"@type\":\"ImageObject\",\"inLanguage\":\"fr-FR\",\"@id\":\"https:\/\/wizardracing.fr\/#\/schema\/logo\/image\/\",\"url\":\"https:\/\/wizardracing.fr\/wp-content\/uploads\/2023\/11\/Logo-wizard.png\",\"contentUrl\":\"https:\/\/wizardracing.fr\/wp-content\/uploads\/2023\/11\/Logo-wizard.png\",\"width\":665,\"height\":665,\"caption\":\"Wizard Racing\"},\"image\":{\"@id\":\"https:\/\/wizardracing.fr\/#\/schema\/logo\/image\/\"},\"sameAs\":[\"https:\/\/www.facebook.com\/profile.php?id=100076336116664\",\"https:\/\/www.instagram.com\/wizardracing34\/\"]}]}<\/script>\n<!-- \/ Yoast SEO plugin. -->","yoast_head_json":{"title":"Portfolio & projet - Wizard Racing","description":"D\u00e9couvrez nos projets exceptionnels chez Wizard Racing \u00e0 Montpellier. Des r\u00e9alisations de pr\u00e9paration Fiat Abarth et de tuning automobile qui vous inspireront.","robots":{"index":"index","follow":"follow","max-snippet":"max-snippet:-1","max-image-preview":"max-image-preview:large","max-video-preview":"max-video-preview:-1"},"canonical":"https:\/\/wizardracing.fr\/?page_id=834","og_locale":"fr_FR","og_type":"article","og_title":"Portfolio & projet - Wizard Racing","og_description":"D\u00e9couvrez nos projets exceptionnels chez Wizard Racing \u00e0 Montpellier. Des r\u00e9alisations de pr\u00e9paration Fiat Abarth et de tuning automobile qui vous inspireront.","og_url":"https:\/\/wizardracing.fr\/?page_id=834","og_site_name":"Wizard Racing","article_publisher":"https:\/\/www.facebook.com\/profile.php?id=100076336116664","article_modified_time":"2024-09-13T06:26:28+00:00","og_image":[{"width":1343,"height":1540,"url":"https:\/\/wizardracing.fr\/wp-content\/uploads\/2023\/09\/cropped.png","type":"image\/png"}],"twitter_card":"summary_large_image","twitter_misc":{"Dur\u00e9e de lecture estim\u00e9e":"1 minute"},"schema":{"@context":"https:\/\/schema.org","@graph":[{"@type":"WebPage","@id":"https:\/\/wizardracing.fr\/?page_id=834","url":"https:\/\/wizardracing.fr\/?page_id=834","name":"Portfolio & projet - Wizard Racing","isPartOf":{"@id":"https:\/\/wizardracing.fr\/#website"},"datePublished":"2018-08-02T08:30:52+00:00","dateModified":"2024-09-13T06:26:28+00:00","description":"D\u00e9couvrez nos projets exceptionnels chez Wizard Racing \u00e0 Montpellier. Des r\u00e9alisations de pr\u00e9paration Fiat Abarth et de tuning automobile qui vous inspireront.","breadcrumb":{"@id":"https:\/\/wizardracing.fr\/?page_id=834#breadcrumb"},"inLanguage":"fr-FR","potentialAction":[{"@type":"ReadAction","target":["https:\/\/wizardracing.fr\/?page_id=834"]}]},{"@type":"BreadcrumbList","@id":"https:\/\/wizardracing.fr\/?page_id=834#breadcrumb","itemListElement":[{"@type":"ListItem","position":1,"name":"Home","item":"https:\/\/wizardracing.fr\/"},{"@type":"ListItem","position":2,"name":"Portfolio"}]},{"@type":"WebSite","@id":"https:\/\/wizardracing.fr\/#website","url":"https:\/\/wizardracing.fr\/","name":"Wizard Racing","description":"Votre r\u00e9f\u00e9rence pr\u00e9paration et pi\u00e8ces racing","publisher":{"@id":"https:\/\/wizardracing.fr\/#organization"},"potentialAction":[{"@type":"SearchAction","target":{"@type":"EntryPoint","urlTemplate":"https:\/\/wizardracing.fr\/?s={search_term_string}"},"query-input":{"@type":"PropertyValueSpecification","valueRequired":true,"valueName":"search_term_string"}}],"inLanguage":"fr-FR"},{"@type":"Organization","@id":"https:\/\/wizardracing.fr\/#organization","name":"Wizard Racing","url":"https:\/\/wizardracing.fr\/","logo":{"@type":"ImageObject","inLanguage":"fr-FR","@id":"https:\/\/wizardracing.fr\/#\/schema\/logo\/image\/","url":"https:\/\/wizardracing.fr\/wp-content\/uploads\/2023\/11\/Logo-wizard.png","contentUrl":"https:\/\/wizardracing.fr\/wp-content\/uploads\/2023\/11\/Logo-wizard.png","width":665,"height":665,"caption":"Wizard Racing"},"image":{"@id":"https:\/\/wizardracing.fr\/#\/schema\/logo\/image\/"},"sameAs":["https:\/\/www.facebook.com\/profile.php?id=100076336116664","https:\/\/www.instagram.com\/wizardracing34\/"]}]}},"_links":{"self":[{"href":"https:\/\/wizardracing.fr\/index.php?rest_route=\/wp\/v2\/pages\/834","targetHints":{"allow":["GET"]}}],"collection":[{"href":"https:\/\/wizardracing.fr\/index.php?rest_route=\/wp\/v2\/pages"}],"about":[{"href":"https:\/\/wizardracing.fr\/index.php?rest_route=\/wp\/v2\/types\/page"}],"author":[{"embeddable":true,"href":"https:\/\/wizardracing.fr\/index.php?rest_route=\/wp\/v2\/users\/2"}],"replies":[{"embeddable":true,"href":"https:\/\/wizardracing.fr\/index.php?rest_route=%2Fwp%2Fv2%2Fcomments&post=834"}],"version-history":[{"count":12,"href":"https:\/\/wizardracing.fr\/index.php?rest_route=\/wp\/v2\/pages\/834\/revisions"}],"predecessor-version":[{"id":8827,"href":"https:\/\/wizardracing.fr\/index.php?rest_route=\/wp\/v2\/pages\/834\/revisions\/8827"}],"wp:attachment":[{"href":"https:\/\/wizardracing.fr\/index.php?rest_route=%2Fwp%2Fv2%2Fmedia&parent=834"}],"curies":[{"name":"wp","href":"https:\/\/api.w.org\/{rel}","templated":true}]}}