{"id":832,"date":"2018-07-31T13:05:04","date_gmt":"2018-07-31T13:05:04","guid":{"rendered":"https:\/\/xstore.8theme.com\/?page_id=8"},"modified":"2024-03-11T13:49:07","modified_gmt":"2024-03-11T13:49:07","slug":"my-account","status":"publish","type":"page","link":"https:\/\/wizardracing.fr\/?page_id=832","title":{"rendered":"My account"},"content":{"rendered":"<div class=\"woocommerce\"><div class=\"woocommerce-notices-wrapper\"><\/div>\n\n\t\t<h2>Login<\/h2>\n\n        \n\t\t<form class=\"woocommerce-form woocommerce-form-login login\" method=\"post\"  novalidate>\n\n\t\t\t\n\t\t\t<p class=\"woocommerce-form-row woocommerce-form-row--wide form-row form-row-wide\">\n\t\t\t\t<label for=\"username\">Username or email address&nbsp;<span class=\"required\" aria-hidden=\"true\">*<\/span><span class=\"screen-reader-text\">Required<\/span><\/label>\n\t\t\t\t<input type=\"text\" class=\"woocommerce-Input woocommerce-Input--text input-text\" name=\"username\" required aria-required=\"true\"  id=\"username\" autocomplete=\"username\" value=\"\" \/>\t\t\t<\/p>\n\t\t\t<p class=\"woocommerce-form-row woocommerce-form-row--wide form-row form-row-wide\">\n\t\t\t\t<label for=\"password\">Password&nbsp;<span class=\"required\" aria-hidden=\"true\">*<\/span><span class=\"screen-reader-text\">Required<\/span><\/label>\n\t\t\t\t<input class=\"woocommerce-Input woocommerce-Input--text input-text\" type=\"password\" name=\"password\" required aria-required=\"true\"  id=\"password\" autocomplete=\"current-password\" \/>\n\t\t\t<\/p>\n\n\t\t\t\n\t\t\t<p class=\"form-row form-row-wide flex justify-content-between align-center lost_password flex-wrap\">\n\t\t\t\t<label class=\"woocommerce-form__label woocommerce-form__label-for-checkbox woocommerce-form-login__rememberme\">\n\t\t\t\t\t<input class=\"woocommerce-form__input woocommerce-form__input-checkbox\" name=\"rememberme\" type=\"checkbox\" id=\"rememberme\" value=\"forever\" \/> <span>Remember me<\/span>\n\t\t\t\t<\/label>\n\t\t\t\t<a class=\"mob-hide\" href=\"https:\/\/wizardracing.fr\/?page_id=832&#038;lost-password\">Lost your password?<\/a>\n\t\t\t<\/p>\n\t\t\t<p class=\"woocommerce-form-row woocommerce-form-row--wide form-row form-row-wide m0\">\n\t\t\t\t<input type=\"hidden\" id=\"woocommerce-login-nonce\" name=\"woocommerce-login-nonce\" value=\"6b44ab6322\" \/><input type=\"hidden\" name=\"_wp_http_referer\" value=\"\/index.php?rest_route=%2Fwp%2Fv2%2Fpages%2F832\" \/>\t\t\t\t<button type=\"submit\" class=\"woocommerce-button button woocommerce-form-login__submit\" name=\"login\" value=\"Log in\">Log in<\/button>\n\t\t\t<\/p>\n            <p class=\"text-center lost_password dt-hide\">\n                <a href=\"https:\/\/wizardracing.fr\/?page_id=832&#038;lost-password\">Lost your password?<\/a>\n            <\/p>\n\n\t\t\t\n\t\t<\/form>\n\n\n<\/div>\n","protected":false},"excerpt":{"rendered":"Login Username or email address&nbsp;*Required Password&nbsp;*Required Remember me Lost your password? Log in Lost your password?","protected":false},"author":2,"featured_media":0,"parent":0,"menu_order":0,"comment_status":"closed","ping_status":"closed","template":"","meta":{"footnotes":""},"class_list":["post-832","page","type-page","status-publish","hentry"],"yoast_head":"<!-- This site is optimized with the Yoast SEO plugin v26.3 - https:\/\/yoast.com\/wordpress\/plugins\/seo\/ -->\n<title>My account - Wizard Racing<\/title>\n<meta name=\"robots\" content=\"noindex, nofollow\" \/>\n<meta property=\"og:locale\" content=\"fr_FR\" \/>\n<meta property=\"og:type\" content=\"article\" \/>\n<meta property=\"og:title\" content=\"My account - Wizard Racing\" \/>\n<meta property=\"og:url\" content=\"https:\/\/wizardracing.fr\/?page_id=832\" \/>\n<meta property=\"og:site_name\" content=\"Wizard Racing\" \/>\n<meta property=\"article:publisher\" content=\"https:\/\/www.facebook.com\/profile.php?id=100076336116664\" \/>\n<meta property=\"article:modified_time\" content=\"2024-03-11T13:49:07+00:00\" \/>\n<meta property=\"og:image\" content=\"https:\/\/wizardracing.fr\/wp-content\/uploads\/2023\/09\/cropped.png\" \/>\n\t<meta property=\"og:image:width\" content=\"1343\" \/>\n\t<meta property=\"og:image:height\" content=\"1540\" \/>\n\t<meta property=\"og:image:type\" content=\"image\/png\" \/>\n<meta name=\"twitter:card\" content=\"summary_large_image\" \/>\n<meta name=\"twitter:label1\" content=\"Dur\u00e9e de lecture estim\u00e9e\" \/>\n\t<meta name=\"twitter:data1\" content=\"1 minute\" \/>\n<script type=\"application\/ld+json\" class=\"yoast-schema-graph\">{\"@context\":\"https:\/\/schema.org\",\"@graph\":[{\"@type\":\"WebPage\",\"@id\":\"https:\/\/wizardracing.fr\/?page_id=832\",\"url\":\"https:\/\/wizardracing.fr\/?page_id=832\",\"name\":\"My account - Wizard Racing\",\"isPartOf\":{\"@id\":\"https:\/\/wizardracing.fr\/#website\"},\"datePublished\":\"2018-07-31T13:05:04+00:00\",\"dateModified\":\"2024-03-11T13:49:07+00:00\",\"breadcrumb\":{\"@id\":\"https:\/\/wizardracing.fr\/?page_id=832#breadcrumb\"},\"inLanguage\":\"fr-FR\",\"potentialAction\":[{\"@type\":\"ReadAction\",\"target\":[\"https:\/\/wizardracing.fr\/?page_id=832\"]}]},{\"@type\":\"BreadcrumbList\",\"@id\":\"https:\/\/wizardracing.fr\/?page_id=832#breadcrumb\",\"itemListElement\":[{\"@type\":\"ListItem\",\"position\":1,\"name\":\"Home\",\"item\":\"https:\/\/wizardracing.fr\/\"},{\"@type\":\"ListItem\",\"position\":2,\"name\":\"My account\"}]},{\"@type\":\"WebSite\",\"@id\":\"https:\/\/wizardracing.fr\/#website\",\"url\":\"https:\/\/wizardracing.fr\/\",\"name\":\"Wizard Racing\",\"description\":\"Votre r\u00e9f\u00e9rence pr\u00e9paration et pi\u00e8ces racing\",\"publisher\":{\"@id\":\"https:\/\/wizardracing.fr\/#organization\"},\"potentialAction\":[{\"@type\":\"SearchAction\",\"target\":{\"@type\":\"EntryPoint\",\"urlTemplate\":\"https:\/\/wizardracing.fr\/?s={search_term_string}\"},\"query-input\":{\"@type\":\"PropertyValueSpecification\",\"valueRequired\":true,\"valueName\":\"search_term_string\"}}],\"inLanguage\":\"fr-FR\"},{\"@type\":\"Organization\",\"@id\":\"https:\/\/wizardracing.fr\/#organization\",\"name\":\"Wizard Racing\",\"url\":\"https:\/\/wizardracing.fr\/\",\"logo\":{\"@type\":\"ImageObject\",\"inLanguage\":\"fr-FR\",\"@id\":\"https:\/\/wizardracing.fr\/#\/schema\/logo\/image\/\",\"url\":\"https:\/\/wizardracing.fr\/wp-content\/uploads\/2023\/11\/Logo-wizard.png\",\"contentUrl\":\"https:\/\/wizardracing.fr\/wp-content\/uploads\/2023\/11\/Logo-wizard.png\",\"width\":665,\"height\":665,\"caption\":\"Wizard Racing\"},\"image\":{\"@id\":\"https:\/\/wizardracing.fr\/#\/schema\/logo\/image\/\"},\"sameAs\":[\"https:\/\/www.facebook.com\/profile.php?id=100076336116664\",\"https:\/\/www.instagram.com\/wizardracing34\/\"]}]}<\/script>\n<!-- \/ Yoast SEO plugin. -->","yoast_head_json":{"title":"My account - Wizard Racing","robots":{"index":"noindex","follow":"nofollow"},"og_locale":"fr_FR","og_type":"article","og_title":"My account - Wizard Racing","og_url":"https:\/\/wizardracing.fr\/?page_id=832","og_site_name":"Wizard Racing","article_publisher":"https:\/\/www.facebook.com\/profile.php?id=100076336116664","article_modified_time":"2024-03-11T13:49:07+00:00","og_image":[{"width":1343,"height":1540,"url":"https:\/\/wizardracing.fr\/wp-content\/uploads\/2023\/09\/cropped.png","type":"image\/png"}],"twitter_card":"summary_large_image","twitter_misc":{"Dur\u00e9e de lecture estim\u00e9e":"1 minute"},"schema":{"@context":"https:\/\/schema.org","@graph":[{"@type":"WebPage","@id":"https:\/\/wizardracing.fr\/?page_id=832","url":"https:\/\/wizardracing.fr\/?page_id=832","name":"My account - Wizard Racing","isPartOf":{"@id":"https:\/\/wizardracing.fr\/#website"},"datePublished":"2018-07-31T13:05:04+00:00","dateModified":"2024-03-11T13:49:07+00:00","breadcrumb":{"@id":"https:\/\/wizardracing.fr\/?page_id=832#breadcrumb"},"inLanguage":"fr-FR","potentialAction":[{"@type":"ReadAction","target":["https:\/\/wizardracing.fr\/?page_id=832"]}]},{"@type":"BreadcrumbList","@id":"https:\/\/wizardracing.fr\/?page_id=832#breadcrumb","itemListElement":[{"@type":"ListItem","position":1,"name":"Home","item":"https:\/\/wizardracing.fr\/"},{"@type":"ListItem","position":2,"name":"My account"}]},{"@type":"WebSite","@id":"https:\/\/wizardracing.fr\/#website","url":"https:\/\/wizardracing.fr\/","name":"Wizard Racing","description":"Votre r\u00e9f\u00e9rence pr\u00e9paration et pi\u00e8ces racing","publisher":{"@id":"https:\/\/wizardracing.fr\/#organization"},"potentialAction":[{"@type":"SearchAction","target":{"@type":"EntryPoint","urlTemplate":"https:\/\/wizardracing.fr\/?s={search_term_string}"},"query-input":{"@type":"PropertyValueSpecification","valueRequired":true,"valueName":"search_term_string"}}],"inLanguage":"fr-FR"},{"@type":"Organization","@id":"https:\/\/wizardracing.fr\/#organization","name":"Wizard Racing","url":"https:\/\/wizardracing.fr\/","logo":{"@type":"ImageObject","inLanguage":"fr-FR","@id":"https:\/\/wizardracing.fr\/#\/schema\/logo\/image\/","url":"https:\/\/wizardracing.fr\/wp-content\/uploads\/2023\/11\/Logo-wizard.png","contentUrl":"https:\/\/wizardracing.fr\/wp-content\/uploads\/2023\/11\/Logo-wizard.png","width":665,"height":665,"caption":"Wizard Racing"},"image":{"@id":"https:\/\/wizardracing.fr\/#\/schema\/logo\/image\/"},"sameAs":["https:\/\/www.facebook.com\/profile.php?id=100076336116664","https:\/\/www.instagram.com\/wizardracing34\/"]}]}},"_links":{"self":[{"href":"https:\/\/wizardracing.fr\/index.php?rest_route=\/wp\/v2\/pages\/832","targetHints":{"allow":["GET"]}}],"collection":[{"href":"https:\/\/wizardracing.fr\/index.php?rest_route=\/wp\/v2\/pages"}],"about":[{"href":"https:\/\/wizardracing.fr\/index.php?rest_route=\/wp\/v2\/types\/page"}],"author":[{"embeddable":true,"href":"https:\/\/wizardracing.fr\/index.php?rest_route=\/wp\/v2\/users\/2"}],"replies":[{"embeddable":true,"href":"https:\/\/wizardracing.fr\/index.php?rest_route=%2Fwp%2Fv2%2Fcomments&post=832"}],"version-history":[{"count":1,"href":"https:\/\/wizardracing.fr\/index.php?rest_route=\/wp\/v2\/pages\/832\/revisions"}],"predecessor-version":[{"id":8700,"href":"https:\/\/wizardracing.fr\/index.php?rest_route=\/wp\/v2\/pages\/832\/revisions\/8700"}],"wp:attachment":[{"href":"https:\/\/wizardracing.fr\/index.php?rest_route=%2Fwp%2Fv2%2Fmedia&parent=832"}],"curies":[{"name":"wp","href":"https:\/\/api.w.org\/{rel}","templated":true}]}}