{"id":4834,"date":"2018-08-16T08:31:52","date_gmt":"2018-08-16T08:31:52","guid":{"rendered":"https:\/\/xstore.8theme.com\/?page_id=4834"},"modified":"2024-03-11T13:55:20","modified_gmt":"2024-03-11T13:55:20","slug":"contact","status":"publish","type":"page","link":"https:\/\/wizardracing.fr\/?page_id=4834","title":{"rendered":"Contact"},"content":{"rendered":"<div class=\"wpb-content-wrapper\"><p>[vc_row css=\u00a0\u00bb.vc_custom_1534409498214{margin-top: 2vw !important;}\u00a0\u00bb][vc_column width=\u00a0\u00bb1\/4&Prime;][\/vc_column][vc_column width=\u00a0\u00bb1\/2&Prime;][vc_custom_heading text=\u00a0\u00bbNos contacts\u00a0\u00bb font_container=\u00a0\u00bbtag:h2|text_align:center\u00a0\u00bb use_theme_fonts=\u00a0\u00bbyes\u00a0\u00bb css=\u00a0\u00bb.vc_custom_1700495553399{margin-bottom: 5px !important;}\u00a0\u00bb][vc_column_text css=\u00a0\u00bb.vc_custom_1700496950271{margin-top: 15px !important;margin-bottom: 15px !important;}\u00a0\u00bb]<\/p>\n<p style=\"text-align: center;\" data-sourcepos=\"1:1-1:29\"><strong>Vous avez des questions ?<\/strong><\/p>\n<p style=\"text-align: center;\" data-sourcepos=\"3:1-3:184\">N&rsquo;h\u00e9sitez pas \u00e0 nous contacter par t\u00e9l\u00e9phone\u00a0ou par e-mail. Nous serons ravis de vous r\u00e9pondre et de vous aider dans votre projet.<\/p>\n<p>[\/vc_column_text][\/vc_column][vc_column width=\u00a0\u00bb1\/4&Prime;][\/vc_column][\/vc_row][vc_row gap=\u00a0\u00bb15&Prime; _et_uniqid=\u00a0\u00bbet_custom_uniqid_new_655b8431e48ce\u00a0\u00bb][vc_column width=\u00a0\u00bb1\/3&Prime; _et_uniqid=\u00a0\u00bbet_custom_uniqid_new_655b844846546&Prime; box_shadow_h=\u00a0\u00bb0px\u00a0\u00bb box_shadow_v=\u00a0\u00bb8px\u00a0\u00bb box_shadow_blur=\u00a0\u00bb34px\u00a0\u00bb box_shadow_color=\u00a0\u00bbrgba(0,0,0,0.06)\u00a0\u00bb box_shadow_spread=\u00a0\u00bb0px\u00a0\u00bb css=\u00a0\u00bb.vc_custom_1700496467648{padding-top: 15px !important;padding-bottom: 15px !important;}\u00a0\u00bb]        <link rel=\"stylesheet\" href=\"https:\/\/wizardracing.fr\/wp-content\/themes\/xstore\/css\/modules\/builders\/icon-boxes.min.css\" type=\"text\/css\" media=\"all\" \/> \t\t\n\t\t<div\n                class=\"ibox-block  box-4046 icon-top align-center flex-wrap\"\n                        >\n\t\t\t\t\t\t\t<div class=\"ibox-symbol full-width\">\n\t\t\t\t\t<i class=\"fas fa-mobile-alt\"><\/i>\t\t\t\t<\/div>\n\t\t\t\n\t\t\t<div class=\"ibox-content\">\n\t\t\t\t<h3 class=\"text-uppercase\">T\u00e9l\u00e9phone<\/h3>\n\t\t\t\t\t\t\t\t\t<div class=\"ibox-text\">\n\t\t\t\t\t\t<\/p>\n<p style=\"text-align: center;\"><span class=\"w8qArf\">+33 0<\/span><span class=\"LrzXr zdqRlf kno-fv\"><span aria-label=\"Appeler le 07 83 35 78 97\">7 83 35 78 97<\/span><\/span><\/p>\n<p>\t\t\t\t\t<\/div>\n\t\t\t\t\n\t\t\t\t\t\t\t<\/div>\n\n\t\t\t\n\t\t<\/div>\n\n\t\t[\/vc_column][vc_column width=\u00a0\u00bb1\/3&Prime; _et_uniqid=\u00a0\u00bbet_custom_uniqid_new_655b850945194&Prime; box_shadow_h=\u00a0\u00bb0px\u00a0\u00bb box_shadow_v=\u00a0\u00bb8px\u00a0\u00bb box_shadow_blur=\u00a0\u00bb34px\u00a0\u00bb box_shadow_spread=\u00a0\u00bb0px\u00a0\u00bb box_shadow_color=\u00a0\u00bbrgba(0,0,0,0.06)\u00a0\u00bb css=\u00a0\u00bb.vc_custom_1700496656564{padding-top: 15px !important;padding-bottom: 15px !important;}\u00a0\u00bb]        <link rel=\"stylesheet\" href=\"https:\/\/wizardracing.fr\/wp-content\/themes\/xstore\/css\/modules\/builders\/icon-boxes.min.css\" type=\"text\/css\" media=\"all\" \/> \t\t\n\t\t<div\n                class=\"ibox-block  box-2346 icon-top align-center flex-wrap\"\n                        >\n\t\t\t\t\t\t\t<div class=\"ibox-symbol full-width\">\n\t\t\t\t\t<i class=\"fas fa-envelope\"><\/i>\t\t\t\t<\/div>\n\t\t\t\n\t\t\t<div class=\"ibox-content\">\n\t\t\t\t<h3 class=\"text-uppercase\">Email<\/h3>\n\t\t\t\t\t\t\t\t\t<div class=\"ibox-text\">\n\t\t\t\t\t\t<\/p>\n<p style=\"text-align: center;\">contact@wizardracing.fr<\/p>\n<p>\t\t\t\t\t<\/div>\n\t\t\t\t\n\t\t\t\t\t\t\t<\/div>\n\n\t\t\t\n\t\t<\/div>\n\n\t\t[\/vc_column][vc_column width=\u00a0\u00bb1\/3&Prime; _et_uniqid=\u00a0\u00bbet_custom_uniqid_new_655b851337fd6&Prime; box_shadow_h=\u00a0\u00bb0px\u00a0\u00bb box_shadow_v=\u00a0\u00bb8px\u00a0\u00bb box_shadow_blur=\u00a0\u00bb34px\u00a0\u00bb box_shadow_spread=\u00a0\u00bb0px\u00a0\u00bb box_shadow_color=\u00a0\u00bbrgba(0,0,0,0.06)\u00a0\u00bb css=\u00a0\u00bb.vc_custom_1700496661998{padding-top: 15px !important;padding-bottom: 15px !important;}\u00a0\u00bb]        <link rel=\"stylesheet\" href=\"https:\/\/wizardracing.fr\/wp-content\/themes\/xstore\/css\/modules\/builders\/icon-boxes.min.css\" type=\"text\/css\" media=\"all\" \/> \t\t\n\t\t<div\n                class=\"ibox-block  box-1672 icon-top align-center flex-wrap\"\n                        >\n\t\t\t\t\t\t\t<div class=\"ibox-symbol full-width\">\n\t\t\t\t\t<i class=\"fas fa-map-marked\"><\/i>\t\t\t\t<\/div>\n\t\t\t\n\t\t\t<div class=\"ibox-content\">\n\t\t\t\t<h3 class=\"text-uppercase\">Adresse<\/h3>\n\t\t\t\t\t\t\t\t\t<div class=\"ibox-text\">\n\t\t\t\t\t\t<\/p>\n<p style=\"text-align: center;\">175 Av de Boisseron, 34160 Saussines<\/p>\n<p>\t\t\t\t\t<\/div>\n\t\t\t\t\n\t\t\t\t\t\t\t<\/div>\n\n\t\t\t\n\t\t<\/div>\n\n\t\t[\/vc_column][\/vc_row][vc_row css=\u00a0\u00bb.vc_custom_1700496194016{margin-top: 40px !important;}\u00a0\u00bb _et_uniqid=\u00a0\u00bbet_custom_uniqid_new_655b833b811b9&Prime;][vc_column][vc_gmaps link=\u00a0\u00bb#E-8_JTNDaWZyYW1lJTIwc3JjJTNEJTIyaHR0cHMlM0ElMkYlMkZ3d3cuZ29vZ2xlLmNvbSUyRm1hcHMlMkZlbWJlZCUzRnBiJTNEJTIxMW0xOCUyMTFtMTIlMjExbTMlMjExZDI4ODEuNDc0MjYyNjEwOTIxJTIxMmQ0LjA1Njk0MTk3NzM3MzAyMiUyMTNkNDMuNzYzMDEzMTQ1MzE5ODMlMjEybTMlMjExZjAlMjEyZjAlMjEzZjAlMjEzbTIlMjExaTEwMjQlMjEyaTc2OCUyMTRmMTMuMSUyMTNtMyUyMTFtMiUyMTFzMHgxMmI0MWY3YTBiYTY2NGEzJTI1M0EweGYwZjhkNmEzZjE5YmQ2ZTIlMjEyczE3NSUyNTIwQXYuJTI1MjBkZSUyNTIwQm9pc3Nlcm9uJTI1MkMlMjUyMDM0MTYwJTI1MjBTYXVzc2luZXMlMjE1ZTAlMjEzbTIlMjExc2ZyJTIxMnNmciUyMTR2MTcwMDQ5NTc1ODY4NyUyMTVtMiUyMTFzZnIlMjEyc2ZyJTIyJTIwd2lkdGglM0QlMjI2MDAlMjIlMjBoZWlnaHQlM0QlMjI0NTAlMjIlMjBzdHlsZSUzRCUyMmJvcmRlciUzQTAlM0IlMjIlMjBhbGxvd2Z1bGxzY3JlZW4lM0QlMjIlMjIlMjBsb2FkaW5nJTNEJTIybGF6eSUyMiUyMHJlZmVycmVycG9saWN5JTNEJTIybm8tcmVmZXJyZXItd2hlbi1kb3duZ3JhZGUlMjIlM0UlM0MlMkZpZnJhbWUlM0U=\u00a0\u00bb][\/vc_column][\/vc_row]<\/p>\n<\/div>","protected":false},"excerpt":{"rendered":"<p>[vc_row css=\u00a0\u00bb.vc_custom_1534409498214{margin-top: 2vw !important;}\u00a0\u00bb][vc_column width=\u00a0\u00bb1\/4&Prime;][\/vc_column][vc_column width=\u00a0\u00bb1\/2&Prime;][vc_custom_heading text=\u00a0\u00bbNos contacts\u00a0\u00bb font_container=\u00a0\u00bbtag:h2|text_align:center\u00a0\u00bb use_theme_fonts=\u00a0\u00bbyes\u00a0\u00bb css=\u00a0\u00bb.vc_custom_1700495553399{margin-bottom: 5px !important;}\u00a0\u00bb][vc_column_text css=\u00a0\u00bb.vc_custom_1700496950271{margin-top: 15px !important;margin-bottom: 15px !important;}\u00a0\u00bb] Vous avez des questions ? N&rsquo;h\u00e9sitez pas \u00e0 nous contacter par t\u00e9l\u00e9phone\u00a0ou par e-mail. Nous serons ravis de vous r\u00e9pondre et de vous aider dans votre projet&#8230;.<\/p>\n","protected":false},"author":2,"featured_media":0,"parent":0,"menu_order":0,"comment_status":"closed","ping_status":"closed","template":"","meta":{"footnotes":""},"class_list":["post-4834","page","type-page","status-publish","hentry"],"yoast_head":"<!-- This site is optimized with the Yoast SEO plugin v26.3 - https:\/\/yoast.com\/wordpress\/plugins\/seo\/ -->\n<title>Contact Wizard Racing - Nous contacter<\/title>\n<meta name=\"description\" content=\"Contactez Wizard Racing pour une assistance technique ou pour planifier la personnalisation de votre voiture. Experts en modifications et r\u00e9parations, sp\u00e9cialis\u00e9s dans les Fiat Abarth, notre \u00e9quipe est pr\u00eate \u00e0 r\u00e9aliser vos projets de tuning automobile.\" \/>\n<meta name=\"robots\" content=\"index, follow, max-snippet:-1, max-image-preview:large, max-video-preview:-1\" \/>\n<link rel=\"canonical\" href=\"https:\/\/wizardracing.fr\/?page_id=4834\" \/>\n<meta property=\"og:locale\" content=\"fr_FR\" \/>\n<meta property=\"og:type\" content=\"article\" \/>\n<meta property=\"og:title\" content=\"Contact Wizard Racing - Nous contacter\" \/>\n<meta property=\"og:description\" content=\"Contactez Wizard Racing pour une assistance technique ou pour planifier la personnalisation de votre voiture. Experts en modifications et r\u00e9parations, sp\u00e9cialis\u00e9s dans les Fiat Abarth, notre \u00e9quipe est pr\u00eate \u00e0 r\u00e9aliser vos projets de tuning automobile.\" \/>\n<meta property=\"og:url\" content=\"https:\/\/wizardracing.fr\/?page_id=4834\" \/>\n<meta property=\"og:site_name\" content=\"Wizard Racing\" \/>\n<meta property=\"article:publisher\" content=\"https:\/\/www.facebook.com\/profile.php?id=100076336116664\" \/>\n<meta property=\"article:modified_time\" content=\"2024-03-11T13:55:20+00:00\" \/>\n<meta property=\"og:image\" content=\"https:\/\/wizardracing.fr\/wp-content\/uploads\/2023\/09\/cropped.png\" \/>\n\t<meta property=\"og:image:width\" content=\"1343\" \/>\n\t<meta property=\"og:image:height\" content=\"1540\" \/>\n\t<meta property=\"og:image:type\" content=\"image\/png\" \/>\n<meta name=\"twitter:card\" content=\"summary_large_image\" \/>\n<meta name=\"twitter:label1\" content=\"Dur\u00e9e de lecture estim\u00e9e\" \/>\n\t<meta name=\"twitter:data1\" content=\"1 minute\" \/>\n<script type=\"application\/ld+json\" class=\"yoast-schema-graph\">{\"@context\":\"https:\/\/schema.org\",\"@graph\":[{\"@type\":\"WebPage\",\"@id\":\"https:\/\/wizardracing.fr\/?page_id=4834\",\"url\":\"https:\/\/wizardracing.fr\/?page_id=4834\",\"name\":\"Contact Wizard Racing - Nous contacter\",\"isPartOf\":{\"@id\":\"https:\/\/wizardracing.fr\/#website\"},\"datePublished\":\"2018-08-16T08:31:52+00:00\",\"dateModified\":\"2024-03-11T13:55:20+00:00\",\"description\":\"Contactez Wizard Racing pour une assistance technique ou pour planifier la personnalisation de votre voiture. Experts en modifications et r\u00e9parations, sp\u00e9cialis\u00e9s dans les Fiat Abarth, notre \u00e9quipe est pr\u00eate \u00e0 r\u00e9aliser vos projets de tuning automobile.\",\"breadcrumb\":{\"@id\":\"https:\/\/wizardracing.fr\/?page_id=4834#breadcrumb\"},\"inLanguage\":\"fr-FR\",\"potentialAction\":[{\"@type\":\"ReadAction\",\"target\":[\"https:\/\/wizardracing.fr\/?page_id=4834\"]}]},{\"@type\":\"BreadcrumbList\",\"@id\":\"https:\/\/wizardracing.fr\/?page_id=4834#breadcrumb\",\"itemListElement\":[{\"@type\":\"ListItem\",\"position\":1,\"name\":\"Home\",\"item\":\"https:\/\/wizardracing.fr\/\"},{\"@type\":\"ListItem\",\"position\":2,\"name\":\"Contact\"}]},{\"@type\":\"WebSite\",\"@id\":\"https:\/\/wizardracing.fr\/#website\",\"url\":\"https:\/\/wizardracing.fr\/\",\"name\":\"Wizard Racing\",\"description\":\"Votre r\u00e9f\u00e9rence pr\u00e9paration et pi\u00e8ces racing\",\"publisher\":{\"@id\":\"https:\/\/wizardracing.fr\/#organization\"},\"potentialAction\":[{\"@type\":\"SearchAction\",\"target\":{\"@type\":\"EntryPoint\",\"urlTemplate\":\"https:\/\/wizardracing.fr\/?s={search_term_string}\"},\"query-input\":{\"@type\":\"PropertyValueSpecification\",\"valueRequired\":true,\"valueName\":\"search_term_string\"}}],\"inLanguage\":\"fr-FR\"},{\"@type\":\"Organization\",\"@id\":\"https:\/\/wizardracing.fr\/#organization\",\"name\":\"Wizard Racing\",\"url\":\"https:\/\/wizardracing.fr\/\",\"logo\":{\"@type\":\"ImageObject\",\"inLanguage\":\"fr-FR\",\"@id\":\"https:\/\/wizardracing.fr\/#\/schema\/logo\/image\/\",\"url\":\"https:\/\/wizardracing.fr\/wp-content\/uploads\/2023\/11\/Logo-wizard.png\",\"contentUrl\":\"https:\/\/wizardracing.fr\/wp-content\/uploads\/2023\/11\/Logo-wizard.png\",\"width\":665,\"height\":665,\"caption\":\"Wizard Racing\"},\"image\":{\"@id\":\"https:\/\/wizardracing.fr\/#\/schema\/logo\/image\/\"},\"sameAs\":[\"https:\/\/www.facebook.com\/profile.php?id=100076336116664\",\"https:\/\/www.instagram.com\/wizardracing34\/\"]}]}<\/script>\n<!-- \/ Yoast SEO plugin. -->","yoast_head_json":{"title":"Contact Wizard Racing - Nous contacter","description":"Contactez Wizard Racing pour une assistance technique ou pour planifier la personnalisation de votre voiture. Experts en modifications et r\u00e9parations, sp\u00e9cialis\u00e9s dans les Fiat Abarth, notre \u00e9quipe est pr\u00eate \u00e0 r\u00e9aliser vos projets de tuning automobile.","robots":{"index":"index","follow":"follow","max-snippet":"max-snippet:-1","max-image-preview":"max-image-preview:large","max-video-preview":"max-video-preview:-1"},"canonical":"https:\/\/wizardracing.fr\/?page_id=4834","og_locale":"fr_FR","og_type":"article","og_title":"Contact Wizard Racing - Nous contacter","og_description":"Contactez Wizard Racing pour une assistance technique ou pour planifier la personnalisation de votre voiture. Experts en modifications et r\u00e9parations, sp\u00e9cialis\u00e9s dans les Fiat Abarth, notre \u00e9quipe est pr\u00eate \u00e0 r\u00e9aliser vos projets de tuning automobile.","og_url":"https:\/\/wizardracing.fr\/?page_id=4834","og_site_name":"Wizard Racing","article_publisher":"https:\/\/www.facebook.com\/profile.php?id=100076336116664","article_modified_time":"2024-03-11T13:55:20+00:00","og_image":[{"width":1343,"height":1540,"url":"https:\/\/wizardracing.fr\/wp-content\/uploads\/2023\/09\/cropped.png","type":"image\/png"}],"twitter_card":"summary_large_image","twitter_misc":{"Dur\u00e9e de lecture estim\u00e9e":"1 minute"},"schema":{"@context":"https:\/\/schema.org","@graph":[{"@type":"WebPage","@id":"https:\/\/wizardracing.fr\/?page_id=4834","url":"https:\/\/wizardracing.fr\/?page_id=4834","name":"Contact Wizard Racing - Nous contacter","isPartOf":{"@id":"https:\/\/wizardracing.fr\/#website"},"datePublished":"2018-08-16T08:31:52+00:00","dateModified":"2024-03-11T13:55:20+00:00","description":"Contactez Wizard Racing pour une assistance technique ou pour planifier la personnalisation de votre voiture. Experts en modifications et r\u00e9parations, sp\u00e9cialis\u00e9s dans les Fiat Abarth, notre \u00e9quipe est pr\u00eate \u00e0 r\u00e9aliser vos projets de tuning automobile.","breadcrumb":{"@id":"https:\/\/wizardracing.fr\/?page_id=4834#breadcrumb"},"inLanguage":"fr-FR","potentialAction":[{"@type":"ReadAction","target":["https:\/\/wizardracing.fr\/?page_id=4834"]}]},{"@type":"BreadcrumbList","@id":"https:\/\/wizardracing.fr\/?page_id=4834#breadcrumb","itemListElement":[{"@type":"ListItem","position":1,"name":"Home","item":"https:\/\/wizardracing.fr\/"},{"@type":"ListItem","position":2,"name":"Contact"}]},{"@type":"WebSite","@id":"https:\/\/wizardracing.fr\/#website","url":"https:\/\/wizardracing.fr\/","name":"Wizard Racing","description":"Votre r\u00e9f\u00e9rence pr\u00e9paration et pi\u00e8ces racing","publisher":{"@id":"https:\/\/wizardracing.fr\/#organization"},"potentialAction":[{"@type":"SearchAction","target":{"@type":"EntryPoint","urlTemplate":"https:\/\/wizardracing.fr\/?s={search_term_string}"},"query-input":{"@type":"PropertyValueSpecification","valueRequired":true,"valueName":"search_term_string"}}],"inLanguage":"fr-FR"},{"@type":"Organization","@id":"https:\/\/wizardracing.fr\/#organization","name":"Wizard Racing","url":"https:\/\/wizardracing.fr\/","logo":{"@type":"ImageObject","inLanguage":"fr-FR","@id":"https:\/\/wizardracing.fr\/#\/schema\/logo\/image\/","url":"https:\/\/wizardracing.fr\/wp-content\/uploads\/2023\/11\/Logo-wizard.png","contentUrl":"https:\/\/wizardracing.fr\/wp-content\/uploads\/2023\/11\/Logo-wizard.png","width":665,"height":665,"caption":"Wizard Racing"},"image":{"@id":"https:\/\/wizardracing.fr\/#\/schema\/logo\/image\/"},"sameAs":["https:\/\/www.facebook.com\/profile.php?id=100076336116664","https:\/\/www.instagram.com\/wizardracing34\/"]}]}},"_links":{"self":[{"href":"https:\/\/wizardracing.fr\/index.php?rest_route=\/wp\/v2\/pages\/4834","targetHints":{"allow":["GET"]}}],"collection":[{"href":"https:\/\/wizardracing.fr\/index.php?rest_route=\/wp\/v2\/pages"}],"about":[{"href":"https:\/\/wizardracing.fr\/index.php?rest_route=\/wp\/v2\/types\/page"}],"author":[{"embeddable":true,"href":"https:\/\/wizardracing.fr\/index.php?rest_route=\/wp\/v2\/users\/2"}],"replies":[{"embeddable":true,"href":"https:\/\/wizardracing.fr\/index.php?rest_route=%2Fwp%2Fv2%2Fcomments&post=4834"}],"version-history":[{"count":23,"href":"https:\/\/wizardracing.fr\/index.php?rest_route=\/wp\/v2\/pages\/4834\/revisions"}],"predecessor-version":[{"id":8709,"href":"https:\/\/wizardracing.fr\/index.php?rest_route=\/wp\/v2\/pages\/4834\/revisions\/8709"}],"wp:attachment":[{"href":"https:\/\/wizardracing.fr\/index.php?rest_route=%2Fwp%2Fv2%2Fmedia&parent=4834"}],"curies":[{"name":"wp","href":"https:\/\/api.w.org\/{rel}","templated":true}]}}